{"id":25,"date":"2024-03-07T04:34:23","date_gmt":"2024-03-07T04:34:23","guid":{"rendered":"https:\/\/venusdigitalcompany.com\/?page_id=25"},"modified":"2024-12-30T01:08:42","modified_gmt":"2024-12-30T01:08:42","slug":"home","status":"publish","type":"page","link":"https:\/\/venusdigitalcompany.com\/","title":{"rendered":"Home"},"content":{"rendered":"\n<div class=\"wp-block-cover alignfull is-light hestia-clear-top-padding\" style=\"min-height:1301px;aspect-ratio:unset;\"><span aria-hidden=\"true\" class=\"wp-block-cover__background has-white-background-color has-background-dim-100 has-background-dim\"><\/span><div class=\"wp-block-cover__inner-container is-layout-flow wp-block-cover-is-layout-flow\">\n<h2 class=\"wp-block-heading has-text-align-center has-text-color\" id=\"servicios\" rel=\"servicos\" style=\"color:#3c4858\">Nuestros Servicios<\/h2>\n\n\n\n<div style=\"height:0px\" aria-hidden=\"true\" class=\"wp-block-spacer\"><\/div>\n\n\n\n<div class=\"wp-block-columns container is-layout-flex wp-container-core-columns-is-layout-9d6595d7 wp-block-columns-is-layout-flex\">\n<div class=\"wp-block-column is-layout-flow wp-block-column-is-layout-flow\"><div class=\"wp-block-image\">\n<figure class=\"aligncenter size-large\"><img decoding=\"async\" src=\"https:\/\/venusdigitalcompany.com\/wp-content\/themes\/hestia\/assets\/img\/feat1.png\" alt=\"\" class=\"wp-image-70\"\/><\/figure>\n<\/div>\n\n\n<h5 class=\"wp-block-heading has-text-align-center has-text-color\" style=\"color:#3c4858\">Empresas &amp; Emprendores<\/h5>\n\n\n\n<p class=\"has-text-align-left\">Ofrecemos una amplia gama de servicios dise\u00f1ados para satisfacer las necesidades espec\u00edficas de emprendedores y empresas:<\/p>\n\n\n\n<p class=\"has-text-align-left\">\ud83e\ude90 <strong>Desarrollo de p\u00e1ginas web a medida<\/strong>, adapt\u00e1ndonos a tu presupuesto y requisitos.<\/p>\n\n\n\n<p class=\"has-text-align-left\">\ud83e\ude90 <strong>Administraci\u00f3n de p\u00e1ginas web y redes sociales<\/strong> para optimizar tu presencia en l\u00ednea.<\/p>\n\n\n\n<p class=\"has-text-align-left\">\ud83e\ude90 <strong>Desarrollo de software personalizado<\/strong> para cubrir tus necesidades empresariales \u00fanicas.<\/p>\n\n\n\n<p class=\"has-text-align-left\">\ud83e\ude90 <strong>Redise\u00f1o de marca y p\u00e1ginas web<\/strong> para mejorar tu imagen de marca y experiencia de usuario.<\/p>\n\n\n\n<p class=\"has-text-align-left\">\ud83e\ude90 Mejora de tu presencia digital y estrategias de <strong>marketing digital<\/strong> para alcanzar tus objetivos comerciales.<\/p>\n\n\n\n<p class=\"has-text-align-left\">\ud83e\ude90  Implementaci\u00f3n de una <strong>transformaci\u00f3n digital<\/strong> organizada en tu empresa.<\/p>\n\n\n\n<p class=\"has-text-align-left\">\ud83e\ude90 Servicios disponibles tanto <strong>en l\u00ednea<\/strong> como <strong>en sitio<\/strong>, seg\u00fan tus necesidades y preferencias.<\/p>\n\n\n\n<div style=\"height:0px\" aria-hidden=\"true\" class=\"wp-block-spacer\"><\/div>\n\n\n\n<hr class=\"wp-block-separator has-alpha-channel-opacity\"\/>\n<\/div>\n\n\n\n<div class=\"wp-block-column is-layout-flow wp-block-column-is-layout-flow\"><div class=\"wp-block-image\">\n<figure class=\"aligncenter size-large\"><img decoding=\"async\" src=\"https:\/\/venusdigitalcompany.com\/wp-content\/themes\/hestia\/assets\/img\/feat3.png\" alt=\"\" class=\"wp-image-72\"\/><\/figure>\n<\/div>\n\n\n<h5 class=\"wp-block-heading has-text-align-center has-text-color\" style=\"color:#3c4858\">Personas Naturales<\/h5>\n\n\n\n<p class=\"has-text-align-left\">Entendemos que mantenerse al d\u00eda con la tecnolog\u00eda puede resultar abrumador para muchas personas. Por eso, ofrecemos servicios personalizados para personas naturales:<\/p>\n\n\n\n<p>\ud83e\ude90 <strong>Asistencia en el aprendizaje y uso de tecnolog\u00eda <\/strong>para mantenerse actualizado en la era digital.<\/p>\n\n\n\n<p>\ud83e\ude90 <strong>Tutor\u00edas personalizadas<\/strong> para aprender a utilizar computadoras, tel\u00e9fonos m\u00f3viles, redes sociales y otras herramientas tecnol\u00f3gicas.<\/p>\n\n\n\n<p>\ud83e\ude90 Implementaci\u00f3n de <strong>tecnolog\u00eda en el hogar<\/strong>, adaptada a tus necesidades y preferencias.<\/p>\n\n\n\n<p>\ud83e\ude90 Adaptaci\u00f3n de nuestros servicios a tus <strong>necesidades individuales<\/strong> para garantizar una integraci\u00f3n exitosa en la era tecnol\u00f3gica.<\/p>\n\n\n\n<div style=\"height:25px\" aria-hidden=\"true\" class=\"wp-block-spacer\"><\/div>\n<\/div>\n<\/div>\n\n\n\n<p class=\"has-text-align-center\"><strong>En Venus Digital Company, estamos comprometidos a brindar soluciones tecnol\u00f3gicas personalizadas y accesibles, ya sea que seas un emprendedor que busca expandir su presencia en l\u00ednea o una persona que necesita ayuda para aprovechar al m\u00e1ximo la tecnolog\u00eda en su vida diaria.<\/strong><\/p>\n\n\n\n<div style=\"height:0px\" aria-hidden=\"true\" class=\"wp-block-spacer\"><\/div>\n\n\n\n<div class=\"wp-block-columns is-layout-flex wp-container-core-columns-is-layout-9d6595d7 wp-block-columns-is-layout-flex\">\n<div class=\"wp-block-column is-layout-flow wp-block-column-is-layout-flow\">\n<div class=\"wp-block-columns container is-layout-flex wp-container-core-columns-is-layout-9d6595d7 wp-block-columns-is-layout-flex\">\n<div class=\"wp-block-column is-layout-flow wp-block-column-is-layout-flow\">\n<div style=\"height:25px\" aria-hidden=\"true\" class=\"wp-block-spacer\"><\/div>\n<\/div>\n\n\n\n<div class=\"wp-block-column is-layout-flow wp-block-column-is-layout-flow\">\n<div style=\"height:25px\" aria-hidden=\"true\" class=\"wp-block-spacer\"><\/div>\n<\/div>\n<\/div>\n<\/div>\n\n\n\n<div class=\"wp-block-column is-layout-flow wp-block-column-is-layout-flow\"><div class=\"wp-block-image\">\n<figure class=\"aligncenter size-full is-resized\"><img loading=\"lazy\" decoding=\"async\" width=\"150\" height=\"150\" src=\"https:\/\/venusdigitalcompany.com\/wp-content\/uploads\/2024\/03\/company-logo-3.png\" alt=\"\" class=\"wp-image-239\" style=\"width:104px;height:auto\"\/><\/figure>\n<\/div><\/div>\n\n\n\n<div class=\"wp-block-column is-layout-flow wp-block-column-is-layout-flow\"><\/div>\n<\/div>\n<\/div><\/div>\n\n\n\n<div class=\"wp-block-group\"><div class=\"wp-block-group__inner-container is-layout-constrained wp-block-group-is-layout-constrained\">\n<h2 class=\"wp-block-heading has-text-align-center has-white-color has-text-color\">Nuestro Compromiso<\/h2>\n\n\n\n<div class=\"wp-block-columns is-layout-flex wp-container-core-columns-is-layout-9d6595d7 wp-block-columns-is-layout-flex\">\n<div class=\"wp-block-column is-layout-flow wp-block-column-is-layout-flow\"><div class=\"wp-block-image\">\n<figure class=\"aligncenter size-large\"><img decoding=\"async\" src=\"https:\/\/venusdigitalcompany.com\/wp-content\/themes\/hestia\/assets\/img\/feat1.png\" alt=\"\" class=\"wp-image-70\"\/><\/figure>\n<\/div>\n\n\n<h5 class=\"wp-block-heading has-text-align-center has-white-color has-text-color\"><strong>Excelencia Tecnol\u00f3gica<\/strong><\/h5>\n\n\n\n<p class=\"has-text-align-left\">Implementamos soluciones personalizadas y tecnolog\u00eda de vanguardia para potenciar el uso de la tecnolog\u00eda en la vida diaria de emprendedores y personas naturales. Te acompa\u00f1amos en cada paso del camino, brind\u00e1ndote estrategias de manejo de presupuesto y ense\u00f1anza personalizada para asegurar tu \u00e9xito en el mundo tecnol\u00f3gico.<\/p>\n<\/div>\n\n\n\n<div class=\"wp-block-column is-layout-flow wp-block-column-is-layout-flow\"><div class=\"wp-block-image\">\n<figure class=\"aligncenter size-large\"><img decoding=\"async\" src=\"https:\/\/venusdigitalcompany.com\/wp-content\/themes\/hestia\/assets\/img\/feat2.png\" alt=\"\" class=\"wp-image-71\"\/><\/figure>\n<\/div>\n\n\n<h5 class=\"wp-block-heading has-text-align-center has-white-color has-text-color\">Empoderamiento<\/h5>\n\n\n\n<p class=\"has-text-align-center\">Nuestro servicio de calidad se basa en el uso de la mejor tecnolog\u00eda disponible. Implementamos soluciones personalizadas y de alto rendimiento para empresas y personas naturales, garantizando que aprovechen al m\u00e1ximo las herramientas digitales en su vida y negocio.<\/p>\n<\/div>\n\n\n\n<div class=\"wp-block-column is-layout-flow wp-block-column-is-layout-flow\"><div class=\"wp-block-image\">\n<figure class=\"aligncenter size-large\"><img decoding=\"async\" src=\"https:\/\/venusdigitalcompany.com\/wp-content\/themes\/hestia\/assets\/img\/feat3.png\" alt=\"\" class=\"wp-image-72\"\/><\/figure>\n<\/div>\n\n\n<h5 class=\"wp-block-heading has-text-align-center has-white-color has-text-color\"><strong>Soporte Integral<\/strong><\/h5>\n\n\n\n<p class=\"has-text-align-right\">Nos convertimos en tu socio tecnol\u00f3gico, brind\u00e1ndote un soporte completo hasta que est\u00e9s completamente inmerso en el mundo digital. Nuestro enfoque incluye estrategias de manejo de presupuesto y ense\u00f1anza personalizada, asegurando que recibas la atenci\u00f3n y el apoyo necesarios en cada etapa de tu transformaci\u00f3n digital.<\/p>\n<\/div>\n<\/div>\n<\/div><\/div>\n\n\n\n<div class=\"wp-block-columns container is-layout-flex wp-container-core-columns-is-layout-9d6595d7 wp-block-columns-is-layout-flex\">\n<div class=\"wp-block-column col-md-5 is-layout-flow wp-block-column-is-layout-flow\">\n<div style=\"height:55px\" aria-hidden=\"true\" class=\"wp-block-spacer\"><\/div>\n\n\n\n<h2 id=\"equipo\" rel=\"equipo\" class=\"wp-block-heading\">Nuestro Equipo<\/h2>\n\n\n\n<p>Somos una empresa comprometida con el empoderamiento digital y la innovaci\u00f3n tecnol\u00f3gica. Nuestro objetivo es hacer que la tecnolog\u00eda sea accesible y beneficiosa para todos, desde emprendedores hasta empresas establecidas y personas naturales. Con soluciones personalizadas, tecnolog\u00eda de vanguardia y un enfoque centrado en el cliente, nos esforzamos por ser el socio confiable que te acompa\u00f1e en tu viaje hacia la transformaci\u00f3n digital. Con\u00f3cenos!<\/p>\n<\/div>\n<\/div>\n\n\n\n<div class=\"wp-block-columns is-layout-flex wp-container-core-columns-is-layout-9d6595d7 wp-block-columns-is-layout-flex\">\n<div class=\"wp-block-column is-layout-flow wp-block-column-is-layout-flow\">\n<div class=\"wp-block-columns is-layout-flex wp-container-core-columns-is-layout-9d6595d7 wp-block-columns-is-layout-flex\">\n<div class=\"wp-block-column is-layout-flow wp-block-column-is-layout-flow\"><div class=\"wp-block-image\">\n<figure class=\"aligncenter size-full is-resized\"><img loading=\"lazy\" decoding=\"async\" width=\"786\" height=\"722\" src=\"https:\/\/venusdigitalcompany.com\/wp-content\/uploads\/2024\/03\/Screenshot-2024-03-08-at-10.57.21\u202fPM.png\" alt=\"\" class=\"wp-image-138\" style=\"width:181px;height:auto\" srcset=\"https:\/\/venusdigitalcompany.com\/wp-content\/uploads\/2024\/03\/Screenshot-2024-03-08-at-10.57.21\u202fPM.png 786w, https:\/\/venusdigitalcompany.com\/wp-content\/uploads\/2024\/03\/Screenshot-2024-03-08-at-10.57.21\u202fPM-300x276.png 300w, https:\/\/venusdigitalcompany.com\/wp-content\/uploads\/2024\/03\/Screenshot-2024-03-08-at-10.57.21\u202fPM-768x705.png 768w\" sizes=\"auto, (max-width: 786px) 100vw, 786px\" \/><\/figure>\n<\/div>\n\n\n<p class=\"has-text-align-center\"><strong>Pamela Uribe<br>Fundadora &amp; CEO<\/strong><\/p>\n<\/div>\n\n\n\n<div class=\"wp-block-column is-layout-flow wp-block-column-is-layout-flow\"><div class=\"wp-block-image\">\n<figure class=\"aligncenter size-full is-resized\"><img loading=\"lazy\" decoding=\"async\" width=\"834\" height=\"730\" src=\"https:\/\/venusdigitalcompany.com\/wp-content\/uploads\/2024\/03\/Screenshot-2024-03-08-at-11.01.15\u202fPM.png\" alt=\"\" class=\"wp-image-139\" style=\"width:192px;height:auto\" srcset=\"https:\/\/venusdigitalcompany.com\/wp-content\/uploads\/2024\/03\/Screenshot-2024-03-08-at-11.01.15\u202fPM.png 834w, https:\/\/venusdigitalcompany.com\/wp-content\/uploads\/2024\/03\/Screenshot-2024-03-08-at-11.01.15\u202fPM-300x263.png 300w, https:\/\/venusdigitalcompany.com\/wp-content\/uploads\/2024\/03\/Screenshot-2024-03-08-at-11.01.15\u202fPM-768x672.png 768w\" sizes=\"auto, (max-width: 834px) 100vw, 834px\" \/><\/figure>\n<\/div>\n\n\n<p class=\"has-text-align-center\"><strong>Edison Osorio<br>Director de Ingenier\u00eda<\/strong><\/p>\n<\/div>\n<\/div>\n<\/div>\n<\/div>\n","protected":false},"excerpt":{"rendered":"<p>Nuestro Compromiso Excelencia Tecnol\u00f3gica Implementamos soluciones personalizadas y tecnolog\u00eda de vanguardia para potenciar el uso de la tecnolog\u00eda en la vida diaria de emprendedores y personas naturales. Te acompa\u00f1amos en cada paso del camino, brind\u00e1ndote estrategias de manejo de presupuesto y ense\u00f1anza personalizada para asegurar tu \u00e9xito en el mundo [&hellip;]<\/p>\n","protected":false},"author":1,"featured_media":38,"parent":0,"menu_order":0,"comment_status":"closed","ping_status":"closed","template":"","meta":{"_joinchat":[],"footnotes":""},"class_list":["post-25","page","type-page","status-publish","has-post-thumbnail","hentry"],"_links":{"self":[{"href":"https:\/\/venusdigitalcompany.com\/index.php\/wp-json\/wp\/v2\/pages\/25","targetHints":{"allow":["GET"]}}],"collection":[{"href":"https:\/\/venusdigitalcompany.com\/index.php\/wp-json\/wp\/v2\/pages"}],"about":[{"href":"https:\/\/venusdigitalcompany.com\/index.php\/wp-json\/wp\/v2\/types\/page"}],"author":[{"embeddable":true,"href":"https:\/\/venusdigitalcompany.com\/index.php\/wp-json\/wp\/v2\/users\/1"}],"replies":[{"embeddable":true,"href":"https:\/\/venusdigitalcompany.com\/index.php\/wp-json\/wp\/v2\/comments?post=25"}],"version-history":[{"count":38,"href":"https:\/\/venusdigitalcompany.com\/index.php\/wp-json\/wp\/v2\/pages\/25\/revisions"}],"predecessor-version":[{"id":252,"href":"https:\/\/venusdigitalcompany.com\/index.php\/wp-json\/wp\/v2\/pages\/25\/revisions\/252"}],"wp:featuredmedia":[{"embeddable":true,"href":"https:\/\/venusdigitalcompany.com\/index.php\/wp-json\/wp\/v2\/media\/38"}],"wp:attachment":[{"href":"https:\/\/venusdigitalcompany.com\/index.php\/wp-json\/wp\/v2\/media?parent=25"}],"curies":[{"name":"wp","href":"https:\/\/api.w.org\/{rel}","templated":true}]}}